{"id":549,"date":"2013-04-13T13:17:40","date_gmt":"2013-04-13T13:17:40","guid":{"rendered":"http:\/\/alitanes.gr\/?page_id=549"},"modified":"2013-07-10T21:19:40","modified_gmt":"2013-07-10T21:19:40","slug":"folegandros","status":"publish","type":"page","link":"http:\/\/alitanes.gr\/it\/folegandros\/","title":{"rendered":"FOLEGANDROS"},"content":{"rendered":"<p><img loading=\"lazy\" decoding=\"async\" alt=\"\" src=\"http:\/\/alitanes.gr\/wp-content\/uploads\/2013\/07\/folegandros.jpg\" width=\"741\" height=\"494\" \/><\/p>\n<div class=\"shortcode-dropcap circle\" style=\"color:#ffffff; background-color:#a7be39;\">A<\/div>\n<p>l centro del Mar Egeo, si trova un arcipelago composto da 24 isole abitate, chiamate Cicladi per la lora disposizione a cerchio attorno al famoso santuario dell&#8217;isola e luogo di culto <span style=\"text-decoration: line-through;\">e<\/span> per la nascita di Apollo e Artemide,\u00a0 l\u2019isola di Dilos. La parte visibile delle isole non sono altro che le cime di una montagna semiemersa. Composta dagranito, gneiss, scisti e marmo, ma anche da lava e cenere, i picchi non immersi del continente Egeo formano le Cicladi.<\/p>\n<p><em><strong>Nel parte sud-ovest delle Cicladi a forma di infinito \u221e appare Folegandros.<\/strong><\/em><\/p>\n<p>Ha una superficie di 32,07 chilometri quadrati e una lunghezza di 13 km, la sua larghezza nel punto pi\u00f9 stretto &#8220;Porta&#8221; \u00e8 di 1.100m. L\u2019isola ha circa 650 abitanti e dista dal Pireo 102 miglie nautiche. \u00c8 situata a circa 160 km a sud-est di Atene e a 40 km a nord di Santorini. Include due insediamenti principali, bella Hora o Chora ,forse la pi\u00f9 bella delle Cicladi con le sue piazze imponenti e Ano Meria intatta nel tempo per il suo carattere tradizionale, che distano solo quattro (4) chilometri. Il piccolo porto \u00e8 situato nella parte meridionale dell&#8217;isola presso il villaggio di Karavostasis.<\/p>\n<p>Poich\u00e8 \u00e8 molto piccola e oblunga, l\u2019isola offre ai visitatori la sensazione di essere sempre sul ponte di una nave a solcare le acque blu del Mar Egeo. Le belle spiagge con acque blu-verdi e cristalline, le rocce che si immergono ripide nel mare, i muri di pietra famosi e note come &#8220;scale&#8221; &#8211; forse le pi\u00f9 belle del Mar Egeo &#8211; compongono un paesaggio selvaggio, una bellezza unica che i visitatori amano primo sguardo. Per questo motivo l\u2019isola viene chiamata la piccola Santorini.<\/p>\n<p>Il collegamento con il porto del Pireo \u00e8 disponibile con traghetti tradizionali e con navi veloci disponibili per la stagione estiva. Come informazione aggiuntiva Santorini, che \u00e8 una delle prime destinazioni turistiche del mondo si trova a soli 13 km da Folegandros e ha collegamenti giornalieri per l&#8217;isola. Anche Folegandros \u00e8 collegata quasi quotidianamente con le isole pi\u00f9 cosmopolite (Mykonos, Paros, Sifnos, Milos, ecc) cos\u00ec come con quelle pi\u00f9 piccole.<\/p>\n<p><img loading=\"lazy\" decoding=\"async\" alt=\"\" src=\"http:\/\/alitanes.gr\/wp-content\/uploads\/2013\/03\/a5.jpg\" width=\"741\" height=\"494\" \/><\/p>\n","protected":false},"excerpt":{"rendered":"<p>l centro del Mar Egeo, si trova un arcipelago composto da 24 isole abitate, chiamate Cicladi per la lora disposizione a cerchio attorno al famoso santuario dell&#8217;isola e luogo di culto e per la nascita di Apollo e Artemide,\u00a0 l\u2019isola di Dilos. La parte visibile delle isole non sono altro che le cime di una montagna semiemersa. Composta dagranito, gneiss, scisti e marmo, ma anche da lava e cenere, i picchi non immersi del continente Egeo formano le Cicladi. Nel parte sud-ovest delle Cicladi a forma di infinito \u221e appare Folegandros. Ha una superficie di 32,07 chilometri quadrati e una lunghezza di 13 km, la sua larghezza nel punto pi\u00f9 stretto &#8220;Porta&#8221; \u00e8 di 1.100m. L\u2019isola ha circa 650 abitanti e dista dal Pireo 102 miglie nautiche. \u00c8 situata a circa 160 km a sud-est di Atene e a 40 km a nord di Santorini. Include due insediamenti principali, bella Hora o Chora ,forse la pi\u00f9 bella delle Cicladi con le sue piazze imponenti e Ano Meria intatta nel tempo per il suo carattere tradizionale, che distano solo quattro (4) chilometri. Il piccolo porto \u00e8 situato nella parte meridionale dell&#8217;isola presso il villaggio di Karavostasis. Poich\u00e8 \u00e8 molto piccola e oblunga, l\u2019isola offre ai visitatori la sensazione di essere sempre sul ponte di una nave a solcare le acque blu del Mar Egeo. Le belle spiagge con acque blu-verdi e cristalline, le rocce che si immergono ripide nel mare, i muri di pietra famosi e note come &#8220;scale&#8221; &#8211; forse le pi\u00f9 belle del Mar Egeo &#8211; compongono un paesaggio selvaggio, una bellezza unica che i visitatori amano primo sguardo. Per questo motivo l\u2019isola viene chiamata la piccola Santorini. Il collegamento con il porto del Pireo \u00e8 disponibile con traghetti tradizionali e con navi veloci disponibili per la stagione estiva. Come informazione aggiuntiva Santorini, che \u00e8 una delle prime destinazioni turistiche del mondo si trova a soli 13 km da Folegandros e ha collegamenti giornalieri per l&#8217;isola. Anche Folegandros \u00e8 collegata quasi quotidianamente con le isole pi\u00f9 cosmopolite (Mykonos, Paros, Sifnos, Milos, ecc) cos\u00ec come con quelle pi\u00f9 piccole.<\/p>\n","protected":false},"author":2,"featured_media":0,"parent":0,"menu_order":0,"comment_status":"open","ping_status":"open","template":"","meta":{"footnotes":""},"yoast_head":"<!-- This site is optimized with the Yoast SEO plugin v22.3 - https:\/\/yoast.com\/wordpress\/plugins\/seo\/ -->\n<title>L\u2019isola Folegandros<\/title>\n<meta name=\"description\" content=\"Al centro del Mar Egeo, si trova un arcipelago composto da 24 isole abitate, chiamate Cicladi per la lora disposizione a cerchio attorno al famoso santuario dell&#039;isola e luogo di culto e per la nascita di Apollo e Artemide, l\u2019isola di Dilos. La parte visibile delle isole non sono altro che le cime di una montagna semiemersa. Composta dagranito, gneiss, scisti e marmo, ma anche da lava e cenere, i picchi non immersi del continente Egeo formano le Cicladi.\" \/>\n<meta name=\"robots\" content=\"index, follow, max-snippet:-1, max-image-preview:large, max-video-preview:-1\" \/>\n<link rel=\"canonical\" href=\"http:\/\/alitanes.gr\/it\/folegandros\/\" \/>\n<meta property=\"og:locale\" content=\"it_IT\" \/>\n<meta property=\"og:type\" content=\"article\" \/>\n<meta property=\"og:title\" content=\"L\u2019isola Folegandros\" \/>\n<meta property=\"og:description\" content=\"Al centro del Mar Egeo, si trova un arcipelago composto da 24 isole abitate, chiamate Cicladi per la lora disposizione a cerchio attorno al famoso santuario dell&#039;isola e luogo di culto e per la nascita di Apollo e Artemide, l\u2019isola di Dilos. La parte visibile delle isole non sono altro che le cime di una montagna semiemersa. Composta dagranito, gneiss, scisti e marmo, ma anche da lava e cenere, i picchi non immersi del continente Egeo formano le Cicladi.\" \/>\n<meta property=\"og:url\" content=\"http:\/\/alitanes.gr\/it\/folegandros\/\" \/>\n<meta property=\"og:site_name\" content=\"Alitanes\" \/>\n<meta property=\"article:modified_time\" content=\"2013-07-10T21:19:40+00:00\" \/>\n<meta property=\"og:image\" content=\"http:\/\/alitanes.gr\/wp-content\/uploads\/2013\/07\/folegandros.jpg\" \/>\n<meta name=\"twitter:label1\" content=\"Tempo di lettura stimato\" \/>\n\t<meta name=\"twitter:data1\" content=\"2 minuti\" \/>\n<script type=\"application\/ld+json\" class=\"yoast-schema-graph\">{\"@context\":\"https:\/\/schema.org\",\"@graph\":[{\"@type\":\"WebPage\",\"@id\":\"http:\/\/alitanes.gr\/it\/folegandros\/\",\"url\":\"http:\/\/alitanes.gr\/it\/folegandros\/\",\"name\":\"L\u2019isola Folegandros\",\"isPartOf\":{\"@id\":\"https:\/\/alitanes.gr\/#website\"},\"primaryImageOfPage\":{\"@id\":\"http:\/\/alitanes.gr\/it\/folegandros\/#primaryimage\"},\"image\":{\"@id\":\"http:\/\/alitanes.gr\/it\/folegandros\/#primaryimage\"},\"thumbnailUrl\":\"http:\/\/alitanes.gr\/wp-content\/uploads\/2013\/07\/folegandros.jpg\",\"datePublished\":\"2013-04-13T13:17:40+00:00\",\"dateModified\":\"2013-07-10T21:19:40+00:00\",\"description\":\"Al centro del Mar Egeo, si trova un arcipelago composto da 24 isole abitate, chiamate Cicladi per la lora disposizione a cerchio attorno al famoso santuario dell'isola e luogo di culto e per la nascita di Apollo e Artemide, l\u2019isola di Dilos. La parte visibile delle isole non sono altro che le cime di una montagna semiemersa. Composta dagranito, gneiss, scisti e marmo, ma anche da lava e cenere, i picchi non immersi del continente Egeo formano le Cicladi.\",\"inLanguage\":\"it-IT\",\"potentialAction\":[{\"@type\":\"ReadAction\",\"target\":[\"http:\/\/alitanes.gr\/it\/folegandros\/\"]}]},{\"@type\":\"ImageObject\",\"inLanguage\":\"it-IT\",\"@id\":\"http:\/\/alitanes.gr\/it\/folegandros\/#primaryimage\",\"url\":\"http:\/\/alitanes.gr\/wp-content\/uploads\/2013\/07\/folegandros.jpg\",\"contentUrl\":\"http:\/\/alitanes.gr\/wp-content\/uploads\/2013\/07\/folegandros.jpg\",\"width\":741,\"height\":494},{\"@type\":\"WebSite\",\"@id\":\"https:\/\/alitanes.gr\/#website\",\"url\":\"https:\/\/alitanes.gr\/\",\"name\":\"Alitanes\",\"description\":\"Traditional Houses\",\"potentialAction\":[{\"@type\":\"SearchAction\",\"target\":{\"@type\":\"EntryPoint\",\"urlTemplate\":\"https:\/\/alitanes.gr\/?s={search_term_string}\"},\"query-input\":\"required name=search_term_string\"}],\"inLanguage\":\"it-IT\"}]}<\/script>\n<!-- \/ Yoast SEO plugin. -->","yoast_head_json":{"title":"L\u2019isola Folegandros","description":"Al centro del Mar Egeo, si trova un arcipelago composto da 24 isole abitate, chiamate Cicladi per la lora disposizione a cerchio attorno al famoso santuario dell'isola e luogo di culto e per la nascita di Apollo e Artemide, l\u2019isola di Dilos. La parte visibile delle isole non sono altro che le cime di una montagna semiemersa. Composta dagranito, gneiss, scisti e marmo, ma anche da lava e cenere, i picchi non immersi del continente Egeo formano le Cicladi.","robots":{"index":"index","follow":"follow","max-snippet":"max-snippet:-1","max-image-preview":"max-image-preview:large","max-video-preview":"max-video-preview:-1"},"canonical":"http:\/\/alitanes.gr\/it\/folegandros\/","og_locale":"it_IT","og_type":"article","og_title":"L\u2019isola Folegandros","og_description":"Al centro del Mar Egeo, si trova un arcipelago composto da 24 isole abitate, chiamate Cicladi per la lora disposizione a cerchio attorno al famoso santuario dell'isola e luogo di culto e per la nascita di Apollo e Artemide, l\u2019isola di Dilos. La parte visibile delle isole non sono altro che le cime di una montagna semiemersa. Composta dagranito, gneiss, scisti e marmo, ma anche da lava e cenere, i picchi non immersi del continente Egeo formano le Cicladi.","og_url":"http:\/\/alitanes.gr\/it\/folegandros\/","og_site_name":"Alitanes","article_modified_time":"2013-07-10T21:19:40+00:00","og_image":[{"url":"http:\/\/alitanes.gr\/wp-content\/uploads\/2013\/07\/folegandros.jpg"}],"twitter_misc":{"Tempo di lettura stimato":"2 minuti"},"schema":{"@context":"https:\/\/schema.org","@graph":[{"@type":"WebPage","@id":"http:\/\/alitanes.gr\/it\/folegandros\/","url":"http:\/\/alitanes.gr\/it\/folegandros\/","name":"L\u2019isola Folegandros","isPartOf":{"@id":"https:\/\/alitanes.gr\/#website"},"primaryImageOfPage":{"@id":"http:\/\/alitanes.gr\/it\/folegandros\/#primaryimage"},"image":{"@id":"http:\/\/alitanes.gr\/it\/folegandros\/#primaryimage"},"thumbnailUrl":"http:\/\/alitanes.gr\/wp-content\/uploads\/2013\/07\/folegandros.jpg","datePublished":"2013-04-13T13:17:40+00:00","dateModified":"2013-07-10T21:19:40+00:00","description":"Al centro del Mar Egeo, si trova un arcipelago composto da 24 isole abitate, chiamate Cicladi per la lora disposizione a cerchio attorno al famoso santuario dell'isola e luogo di culto e per la nascita di Apollo e Artemide, l\u2019isola di Dilos. La parte visibile delle isole non sono altro che le cime di una montagna semiemersa. Composta dagranito, gneiss, scisti e marmo, ma anche da lava e cenere, i picchi non immersi del continente Egeo formano le Cicladi.","inLanguage":"it-IT","potentialAction":[{"@type":"ReadAction","target":["http:\/\/alitanes.gr\/it\/folegandros\/"]}]},{"@type":"ImageObject","inLanguage":"it-IT","@id":"http:\/\/alitanes.gr\/it\/folegandros\/#primaryimage","url":"http:\/\/alitanes.gr\/wp-content\/uploads\/2013\/07\/folegandros.jpg","contentUrl":"http:\/\/alitanes.gr\/wp-content\/uploads\/2013\/07\/folegandros.jpg","width":741,"height":494},{"@type":"WebSite","@id":"https:\/\/alitanes.gr\/#website","url":"https:\/\/alitanes.gr\/","name":"Alitanes","description":"Traditional Houses","potentialAction":[{"@type":"SearchAction","target":{"@type":"EntryPoint","urlTemplate":"https:\/\/alitanes.gr\/?s={search_term_string}"},"query-input":"required name=search_term_string"}],"inLanguage":"it-IT"}]}},"_links":{"self":[{"href":"http:\/\/alitanes.gr\/it\/wp-json\/wp\/v2\/pages\/549\/"}],"collection":[{"href":"http:\/\/alitanes.gr\/it\/wp-json\/wp\/v2\/pages\/"}],"about":[{"href":"http:\/\/alitanes.gr\/it\/wp-json\/wp\/v2\/types\/page\/"}],"author":[{"embeddable":true,"href":"http:\/\/alitanes.gr\/it\/wp-json\/wp\/v2\/users\/2\/"}],"replies":[{"embeddable":true,"href":"http:\/\/alitanes.gr\/it\/wp-json\/wp\/v2\/comments\/?post=549"}],"version-history":[{"count":6,"href":"http:\/\/alitanes.gr\/it\/wp-json\/wp\/v2\/pages\/549\/revisions\/"}],"predecessor-version":[{"id":1050,"href":"http:\/\/alitanes.gr\/it\/wp-json\/wp\/v2\/pages\/549\/revisions\/1050\/"}],"wp:attachment":[{"href":"http:\/\/alitanes.gr\/it\/wp-json\/wp\/v2\/media\/?parent=549"}],"curies":[{"name":"wp","href":"https:\/\/api.w.org\/{rel}","templated":true}]}}